{"id":4888,"date":"2024-10-17T20:52:17","date_gmt":"2024-10-17T20:52:17","guid":{"rendered":"https:\/\/www.mcloud.rs\/services\/ssl-sertifikati\/"},"modified":"2025-08-21T16:46:22","modified_gmt":"2025-08-21T16:46:22","slug":"ssl-certificates","status":"publish","type":"page","link":"https:\/\/www.mcloud.rs\/en\/services\/ssl-certificates\/","title":{"rendered":"SSL certificates"},"content":{"rendered":"\n<h2 class=\"wp-block-heading\">SSL (Secure Sockets Layer)<\/h2>\n\n\n\n<figure class=\"wp-block-image alignright size-full\"><img decoding=\"async\" width=\"336\" height=\"343\" src=\"https:\/\/www.mcloud.rs\/wp-content\/uploads\/2024\/10\/ssl-sertifikati-img.png\" alt=\"\" class=\"wp-image-81\" srcset=\"https:\/\/www.mcloud.rs\/wp-content\/uploads\/2024\/10\/ssl-sertifikati-img.png 336w, https:\/\/www.mcloud.rs\/wp-content\/uploads\/2024\/10\/ssl-sertifikati-img-294x300.png 294w, https:\/\/www.mcloud.rs\/wp-content\/uploads\/2024\/10\/ssl-sertifikati-img-176x180.png 176w\" sizes=\"(max-width: 336px) 100vw, 336px\" \/><\/figure>\n\n\n\n<p><strong>SSL<\/strong> (<em>Secure Sockets Layer<\/em>)&nbsp;is a safety protocol of communications on the internet that works on the client-server model. The Client is the party who initiates secure communications, while the server responds to the client\u2019s request.&nbsp;The purpose is to enable encrypted communication directly between users and the verified location, which makes the transfer of sensitive information safe, without interception, interference or falsification. The most common example of using the SSL protocol is https which is a secure version of HTTP (secure http) and is used to establish a secure connection to a web server, usually for electronic payments. In this case, the web browser represents the SSL client, a web server, or a website that is accessible, the SSL server.<\/p>\n\n\n\n<p>Our offer includes the most popular SSL certificates such as <strong>Thawte<\/strong>, <strong>Trustwave<\/strong>, <strong>VeriSign (Symantec)<\/strong> and <strong>GeoTrust<\/strong>. They include several types of certificates that are essentially different as follows:<\/p>\n\n\n\n<div class=\"mc-block mt-md mb-md\" >\n    <ul class=\"big-list\">\n                            <li class=\"big-list__item \">\n                <span class=\"big-list__title\">Instant certificates<\/span>\n                <div class=\"big-list__content post-editor-content\"><p>Protecting one domain or subdomain which is not at the risk of phishing or fraud, and does not require special testing and can be issued the same day (eg. Thawte SSL123).koji \u0161tite jedan domen ili poddomen koji nije rizi\u010dan za phishing ili prevaru te ne zahtevaju posebne provere i mo\u017ee biti izdat istog dana (npr. Thawte SSL123).<\/p>\n<\/div>\n            <\/li>\n                            <li class=\"big-list__item \">\n                <span class=\"big-list__title\">Full organization validation<\/span>\n                <div class=\"big-list__content post-editor-content\"><p>Certificates that are mostly used to protect communication between two servers. In the process of issuance, the organisation is being checked (with a click on the certificate a visitor sees the name of your organisation and it shows to him that you have verified the identity of the site) and it is issued in 2-3 working days.<\/p>\n<\/div>\n            <\/li>\n                            <li class=\"big-list__item \">\n                <span class=\"big-list__title\">EV certificates<\/span>\n                <div class=\"big-list__content post-editor-content\"><p>(Extended Validation) that include more rigorous checking of the company prior to issuing the certificate (domain ownership confirmed, organisation validated, plus additional verifications performed using validation criteria established by CA \/ Browser Forum), which gives more confidence to the end user (known as Green Address Bar), and the process of issuance may take more than 10 days.<\/p>\n<\/div>\n            <\/li>\n                            <li class=\"big-list__item \">\n                <span class=\"big-list__title\">Wildcard<\/span>\n                <div class=\"big-list__content post-editor-content\"><p>Protection of more subdomains within one top-level domain (for example .domain.rs, but it does not refer to a domain itself) allowing significant economies if a company needs to have several SSL certificates for subdomains. This certificate mostly does not require special checking and the issuance takes 2-4 working days.<\/p>\n<\/div>\n            <\/li>\n            <\/ul>\n<\/div>\n\n\n\n<p>While ordering you can enter CSR (certificate request sent by applicator to a certificate body for the purpose of getting digital identification certificate). CSR contains information that will be included in your certificate (and visible to end-users). For example:<\/p>\n\n\n\n<ul class=\"wp-block-list\">\n<li>The name of the organisation<\/li>\n\n\n\n<li>The name of the domain<\/li>\n\n\n\n<li>Central office<\/li>\n\n\n\n<li>Country<\/li>\n<\/ul>\n\n\n\n<p>When obtaining SSL certificates the &nbsp;<strong>approver email<\/strong>&nbsp;cannot be any e-mail address, but only one of the following: <strong>admin, administrator, postmaster, hostmaster, webmaster<\/strong>, &nbsp;which must be defined within the domain for which the SSL certificate is being bought.<\/p>\n\n\n\n<p>If you need additional information, assistance with generating CSR, or some special SSL certificate which is not included in our offer, please <a href=\"https:\/\/www.mcloud.rs\/en\/about-us\/contact\/\">contact us<\/a> for an appointment.<\/p>\n\n\n\n    <div class=\"cta-block cta-block--full mt-md mb-0\" >\n    <div class=\"cta-block__inner\">\n        <div class=\"cta-block__content\">\n            <p>\n                Check out the prices of <em>SSL certificates<\/em> and select the appropriate one at the best price.            <\/p>\n                    <\/div>\n                <div class=\"cta-block__button-group style-accent\">\n            <a class=\"cta-block__button\" href=\"https:\/\/portal.mcloud.rs\/cart\/ssl-sertifikati\"><span class=\"cta-block__button-text\">Order now<\/span><span class=\"cta-block__button-arrow\"><i class=\"fa fa-angle-right\"><\/i><\/span><\/a>\n            <span class=\"cta-block__button-shadow shadow-text\" aria-label=\"hidden\">Order now<\/span>\n            <span class=\"cta-block__button-shadow shadow-text-2\" aria-label=\"hidden\">Order now<\/span>\n        <\/div>\n            <\/div>\n<\/div>\n\n\n\n\n<p><\/p>\n","protected":false},"excerpt":{"rendered":"<p>SSL (Secure Sockets Layer) SSL (Secure Sockets Layer)&nbsp;is a safety protocol of communications on the internet that works on the client-server model. The Client is the party who initiates secure&hellip;<\/p>\n","protected":false},"author":1,"featured_media":0,"parent":4883,"menu_order":0,"comment_status":"closed","ping_status":"closed","template":"","meta":{"_acf_changed":false,"footnotes":""},"class_list":["post-4888","page","type-page","status-publish","hentry"],"acf":[],"yoast_head":"<!-- This site is optimized with the Yoast SEO plugin v26.3 - https:\/\/yoast.com\/wordpress\/plugins\/seo\/ -->\n<title>SSL certificates I mCloud Belgrade<\/title>\n<meta name=\"description\" content=\"SSL (Secure Sockets Layer) is a safety protocol of communications on the internet that works on the client-server model.\" \/>\n<meta name=\"robots\" content=\"index, follow, max-snippet:-1, max-image-preview:large, max-video-preview:-1\" \/>\n<link rel=\"canonical\" href=\"https:\/\/www.mcloud.rs\/en\/services\/ssl-certificates\/\" \/>\n<meta property=\"og:locale\" content=\"en_US\" \/>\n<meta property=\"og:type\" content=\"article\" \/>\n<meta property=\"og:title\" content=\"SSL certificates I mCloud Belgrade\" \/>\n<meta property=\"og:description\" content=\"SSL (Secure Sockets Layer) is a safety protocol of communications on the internet that works on the client-server model.\" \/>\n<meta property=\"og:url\" content=\"https:\/\/www.mcloud.rs\/en\/services\/ssl-certificates\/\" \/>\n<meta property=\"og:site_name\" content=\"mCloud - Beograd\" \/>\n<meta property=\"article:modified_time\" content=\"2025-08-21T16:46:22+00:00\" \/>\n<meta property=\"og:image\" content=\"https:\/\/www.mcloud.rs\/wp-content\/uploads\/2024\/10\/ssl-sertifikati-img.png\" \/>\n\t<meta property=\"og:image:width\" content=\"336\" \/>\n\t<meta property=\"og:image:height\" content=\"343\" \/>\n\t<meta property=\"og:image:type\" content=\"image\/png\" \/>\n<meta name=\"twitter:card\" content=\"summary_large_image\" \/>\n<meta name=\"twitter:label1\" content=\"Est. reading time\" \/>\n\t<meta name=\"twitter:data1\" content=\"4 minutes\" \/>\n<script type=\"application\/ld+json\" class=\"yoast-schema-graph\">{\"@context\":\"https:\/\/schema.org\",\"@graph\":[{\"@type\":\"WebPage\",\"@id\":\"https:\/\/www.mcloud.rs\/en\/services\/ssl-certificates\/\",\"url\":\"https:\/\/www.mcloud.rs\/en\/services\/ssl-certificates\/\",\"name\":\"SSL certificates I mCloud Belgrade\",\"isPartOf\":{\"@id\":\"https:\/\/www.mcloud.rs\/en\/#website\"},\"primaryImageOfPage\":{\"@id\":\"https:\/\/www.mcloud.rs\/en\/services\/ssl-certificates\/#primaryimage\"},\"image\":{\"@id\":\"https:\/\/www.mcloud.rs\/en\/services\/ssl-certificates\/#primaryimage\"},\"thumbnailUrl\":\"https:\/\/www.mcloud.rs\/wp-content\/uploads\/2024\/10\/ssl-sertifikati-img.png\",\"datePublished\":\"2024-10-17T20:52:17+00:00\",\"dateModified\":\"2025-08-21T16:46:22+00:00\",\"description\":\"SSL (Secure Sockets Layer) is a safety protocol of communications on the internet that works on the client-server model.\",\"breadcrumb\":{\"@id\":\"https:\/\/www.mcloud.rs\/en\/services\/ssl-certificates\/#breadcrumb\"},\"inLanguage\":\"en-US\",\"potentialAction\":[{\"@type\":\"ReadAction\",\"target\":[\"https:\/\/www.mcloud.rs\/en\/services\/ssl-certificates\/\"]}]},{\"@type\":\"ImageObject\",\"inLanguage\":\"en-US\",\"@id\":\"https:\/\/www.mcloud.rs\/en\/services\/ssl-certificates\/#primaryimage\",\"url\":\"https:\/\/www.mcloud.rs\/wp-content\/uploads\/2024\/10\/ssl-sertifikati-img.png\",\"contentUrl\":\"https:\/\/www.mcloud.rs\/wp-content\/uploads\/2024\/10\/ssl-sertifikati-img.png\"},{\"@type\":\"BreadcrumbList\",\"@id\":\"https:\/\/www.mcloud.rs\/en\/services\/ssl-certificates\/#breadcrumb\",\"itemListElement\":[{\"@type\":\"ListItem\",\"position\":1,\"name\":\"Home\",\"item\":\"https:\/\/www.mcloud.rs\/en\/\"},{\"@type\":\"ListItem\",\"position\":2,\"name\":\"Services\",\"item\":\"https:\/\/www.mcloud.rs\/en\/services\/\"},{\"@type\":\"ListItem\",\"position\":3,\"name\":\"SSL certificates\"}]},{\"@type\":\"WebSite\",\"@id\":\"https:\/\/www.mcloud.rs\/en\/#website\",\"url\":\"https:\/\/www.mcloud.rs\/en\/\",\"name\":\"mCloud\",\"description\":\"Najbolji SSD Cloud hosting servis u Srbiji\",\"publisher\":{\"@id\":\"https:\/\/www.mcloud.rs\/en\/#organization\"},\"potentialAction\":[{\"@type\":\"SearchAction\",\"target\":{\"@type\":\"EntryPoint\",\"urlTemplate\":\"https:\/\/www.mcloud.rs\/en\/?s={search_term_string}\"},\"query-input\":{\"@type\":\"PropertyValueSpecification\",\"valueRequired\":true,\"valueName\":\"search_term_string\"}}],\"inLanguage\":\"en-US\"},{\"@type\":\"Organization\",\"@id\":\"https:\/\/www.mcloud.rs\/en\/#organization\",\"name\":\"mCloud\",\"url\":\"https:\/\/www.mcloud.rs\/en\/\",\"logo\":{\"@type\":\"ImageObject\",\"inLanguage\":\"en-US\",\"@id\":\"https:\/\/www.mcloud.rs\/en\/#\/schema\/logo\/image\/\",\"url\":\"https:\/\/www.mcloud.rs\/wp-content\/uploads\/2024\/12\/mcloud2.png\",\"contentUrl\":\"https:\/\/www.mcloud.rs\/wp-content\/uploads\/2024\/12\/mcloud2.png\",\"width\":470,\"height\":126,\"caption\":\"mCloud\"},\"image\":{\"@id\":\"https:\/\/www.mcloud.rs\/en\/#\/schema\/logo\/image\/\"}}]}<\/script>\n<!-- \/ Yoast SEO plugin. -->","yoast_head_json":{"title":"SSL certificates I mCloud Belgrade","description":"SSL (Secure Sockets Layer) is a safety protocol of communications on the internet that works on the client-server model.","robots":{"index":"index","follow":"follow","max-snippet":"max-snippet:-1","max-image-preview":"max-image-preview:large","max-video-preview":"max-video-preview:-1"},"canonical":"https:\/\/www.mcloud.rs\/en\/services\/ssl-certificates\/","og_locale":"en_US","og_type":"article","og_title":"SSL certificates I mCloud Belgrade","og_description":"SSL (Secure Sockets Layer) is a safety protocol of communications on the internet that works on the client-server model.","og_url":"https:\/\/www.mcloud.rs\/en\/services\/ssl-certificates\/","og_site_name":"mCloud - Beograd","article_modified_time":"2025-08-21T16:46:22+00:00","og_image":[{"width":336,"height":343,"url":"https:\/\/www.mcloud.rs\/wp-content\/uploads\/2024\/10\/ssl-sertifikati-img.png","type":"image\/png"}],"twitter_card":"summary_large_image","twitter_misc":{"Est. reading time":"4 minutes"},"schema":{"@context":"https:\/\/schema.org","@graph":[{"@type":"WebPage","@id":"https:\/\/www.mcloud.rs\/en\/services\/ssl-certificates\/","url":"https:\/\/www.mcloud.rs\/en\/services\/ssl-certificates\/","name":"SSL certificates I mCloud Belgrade","isPartOf":{"@id":"https:\/\/www.mcloud.rs\/en\/#website"},"primaryImageOfPage":{"@id":"https:\/\/www.mcloud.rs\/en\/services\/ssl-certificates\/#primaryimage"},"image":{"@id":"https:\/\/www.mcloud.rs\/en\/services\/ssl-certificates\/#primaryimage"},"thumbnailUrl":"https:\/\/www.mcloud.rs\/wp-content\/uploads\/2024\/10\/ssl-sertifikati-img.png","datePublished":"2024-10-17T20:52:17+00:00","dateModified":"2025-08-21T16:46:22+00:00","description":"SSL (Secure Sockets Layer) is a safety protocol of communications on the internet that works on the client-server model.","breadcrumb":{"@id":"https:\/\/www.mcloud.rs\/en\/services\/ssl-certificates\/#breadcrumb"},"inLanguage":"en-US","potentialAction":[{"@type":"ReadAction","target":["https:\/\/www.mcloud.rs\/en\/services\/ssl-certificates\/"]}]},{"@type":"ImageObject","inLanguage":"en-US","@id":"https:\/\/www.mcloud.rs\/en\/services\/ssl-certificates\/#primaryimage","url":"https:\/\/www.mcloud.rs\/wp-content\/uploads\/2024\/10\/ssl-sertifikati-img.png","contentUrl":"https:\/\/www.mcloud.rs\/wp-content\/uploads\/2024\/10\/ssl-sertifikati-img.png"},{"@type":"BreadcrumbList","@id":"https:\/\/www.mcloud.rs\/en\/services\/ssl-certificates\/#breadcrumb","itemListElement":[{"@type":"ListItem","position":1,"name":"Home","item":"https:\/\/www.mcloud.rs\/en\/"},{"@type":"ListItem","position":2,"name":"Services","item":"https:\/\/www.mcloud.rs\/en\/services\/"},{"@type":"ListItem","position":3,"name":"SSL certificates"}]},{"@type":"WebSite","@id":"https:\/\/www.mcloud.rs\/en\/#website","url":"https:\/\/www.mcloud.rs\/en\/","name":"mCloud","description":"Najbolji SSD Cloud hosting servis u Srbiji","publisher":{"@id":"https:\/\/www.mcloud.rs\/en\/#organization"},"potentialAction":[{"@type":"SearchAction","target":{"@type":"EntryPoint","urlTemplate":"https:\/\/www.mcloud.rs\/en\/?s={search_term_string}"},"query-input":{"@type":"PropertyValueSpecification","valueRequired":true,"valueName":"search_term_string"}}],"inLanguage":"en-US"},{"@type":"Organization","@id":"https:\/\/www.mcloud.rs\/en\/#organization","name":"mCloud","url":"https:\/\/www.mcloud.rs\/en\/","logo":{"@type":"ImageObject","inLanguage":"en-US","@id":"https:\/\/www.mcloud.rs\/en\/#\/schema\/logo\/image\/","url":"https:\/\/www.mcloud.rs\/wp-content\/uploads\/2024\/12\/mcloud2.png","contentUrl":"https:\/\/www.mcloud.rs\/wp-content\/uploads\/2024\/12\/mcloud2.png","width":470,"height":126,"caption":"mCloud"},"image":{"@id":"https:\/\/www.mcloud.rs\/en\/#\/schema\/logo\/image\/"}}]}},"_links":{"self":[{"href":"https:\/\/www.mcloud.rs\/en\/wp-json\/wp\/v2\/pages\/4888","targetHints":{"allow":["GET"]}}],"collection":[{"href":"https:\/\/www.mcloud.rs\/en\/wp-json\/wp\/v2\/pages"}],"about":[{"href":"https:\/\/www.mcloud.rs\/en\/wp-json\/wp\/v2\/types\/page"}],"author":[{"embeddable":true,"href":"https:\/\/www.mcloud.rs\/en\/wp-json\/wp\/v2\/users\/1"}],"replies":[{"embeddable":true,"href":"https:\/\/www.mcloud.rs\/en\/wp-json\/wp\/v2\/comments?post=4888"}],"version-history":[{"count":3,"href":"https:\/\/www.mcloud.rs\/en\/wp-json\/wp\/v2\/pages\/4888\/revisions"}],"predecessor-version":[{"id":7432,"href":"https:\/\/www.mcloud.rs\/en\/wp-json\/wp\/v2\/pages\/4888\/revisions\/7432"}],"up":[{"embeddable":true,"href":"https:\/\/www.mcloud.rs\/en\/wp-json\/wp\/v2\/pages\/4883"}],"wp:attachment":[{"href":"https:\/\/www.mcloud.rs\/en\/wp-json\/wp\/v2\/media?parent=4888"}],"curies":[{"name":"wp","href":"https:\/\/api.w.org\/{rel}","templated":true}]}}