{"id":4883,"date":"2024-10-18T11:17:16","date_gmt":"2024-10-18T11:17:16","guid":{"rendered":"https:\/\/www.mcloud.rs\/servisi\/"},"modified":"2025-08-20T10:48:39","modified_gmt":"2025-08-20T10:48:39","slug":"services","status":"publish","type":"page","link":"https:\/\/www.mcloud.rs\/en\/services\/","title":{"rendered":"Services"},"content":{"rendered":"\n<figure class=\"wp-block-image alignright size-full is-resized\"><img decoding=\"async\" width=\"512\" height=\"512\" src=\"https:\/\/www.mcloud.rs\/wp-content\/uploads\/2024\/11\/dc.png\" alt=\"\" class=\"wp-image-640\" style=\"width:311px;height:auto\" srcset=\"https:\/\/www.mcloud.rs\/wp-content\/uploads\/2024\/11\/dc.png 512w, https:\/\/www.mcloud.rs\/wp-content\/uploads\/2024\/11\/dc-300x300.png 300w, https:\/\/www.mcloud.rs\/wp-content\/uploads\/2024\/11\/dc-150x150.png 150w, https:\/\/www.mcloud.rs\/wp-content\/uploads\/2024\/11\/dc-176x176.png 176w\" sizes=\"(max-width: 512px) 100vw, 512px\" \/><\/figure>\n\n\n\n<p><strong>mCloud <\/strong>platform is an advanced and integrated cloud hosting solution fully automated allowing the user to activate his virtual server or any other service independently and use it in just 10 minutes time, at any time, without the assistance of our staff.<\/p>\n\n\n\n<p>The platform has been developed on a <strong>highly accessible infrastructure<\/strong>, which is a significantly more advanced solution compared to traditional options, first of all concerning redundancy, flexibility, and stability, as well as SLA guarantees, also brings significant savings allowing the user to use as much resources as needed at a certain point of time, simply making adjustments to meet your needs.<\/p>\n\n\n\n<p>It is an unmanaged service and the user gets <strong>full access<\/strong> to the leased resources and can operate them <strong>independently<\/strong> and if he needs assistance our technical expert support will be at his disposal.<\/p>\n\n\n\n<p>Using mCloud service the user can order, activate, or modify at any time any leased service from our offer:<\/p>\n\n\n\n<h2 class=\"wp-block-heading\">Our <mark style=\"background-color:rgba(0, 0, 0, 0)\" class=\"has-inline-color has-accent-color\">services<\/mark><\/h2>\n\n\n\n    <div class=\"features-list mt-sm mb-md layout-2-3\" >\n                                <div class=\"features-list__item\">\n                <div class=\"features-list-item__head\">\n                                                                                                <div class=\"features-list__icon--font\">\n                                <i class=\"fa-classic fa-solid fa-cloud\" aria-hidden=\"true\"><\/i>                            <\/div>\n                                            \n                    <h3 class=\"features-list__title\">Cloud hosting<\/h3>\n\n                    \n                                            <div class=\"mt-4 d-flex align-center\"><\/div>\n                                                    <a class=\"btn btn-sm btn-accent me-1 mt-2\" href=\"https:\/\/www.mcloud.rs\/en\/services\/cloud-hosting\/\">Learn more<\/a>\n                        \n                                            \n                <\/div>\n                <div class=\"features-list__content post-editor-content\"><p>Hosting for your web site with guaranteed resources and control panel quick start adjusted. No limits in the number of sites, basis, e-mail accounts and other users cannot influence functioning of your site as in case with shared hosting.<\/p>\n<\/div>\n            <\/div>\n                                <div class=\"features-list__item\">\n                <div class=\"features-list-item__head\">\n                                                                                                <div class=\"features-list__icon--font\">\n                                <i class=\"fa-classic fa-solid fa-cloud\" aria-hidden=\"true\"><\/i>                            <\/div>\n                                            \n                    <h3 class=\"features-list__title\">Cloud server<\/h3>\n\n                    \n                                            <div class=\"mt-4 d-flex align-center\"><\/div>\n                                                    <a class=\"btn btn-sm btn-accent me-1 mt-2\" href=\"https:\/\/www.mcloud.rs\/servisi\/mcloud-serveri\/\">Learn more<\/a>\n                        \n                                            \n                <\/div>\n                <div class=\"features-list__content post-editor-content\"><p>Fast SSD virtual servers with Windows or Linux operative system, using desired template or pre-installed web scripts: cPanel, WordPress, Joomla, Magento, and others. Guaranteed resources that you can modify as need independently at any time.<\/p>\n<\/div>\n            <\/div>\n                                <div class=\"features-list__item\">\n                <div class=\"features-list-item__head\">\n                                                                                                <div class=\"features-list__icon--font\">\n                                <i class=\"fa-classic fa-solid fa-code\" aria-hidden=\"true\"><\/i>                            <\/div>\n                                            \n                    <h3 class=\"features-list__title\">GPU Cloud Server<\/h3>\n\n                    \n                                            <div class=\"mt-4 d-flex align-center\"><\/div>\n                                                    <a class=\"btn btn-sm btn-accent me-1 mt-2\" href=\"https:\/\/www.mcloud.rs\/en\/services\/gpu-cloud-server\/\">Learn more<\/a>\n                        \n                                            \n                <\/div>\n                <div class=\"features-list__content post-editor-content\"><p>Tip servera sa dodatnim grafi\u010dkim karticama, koje su odli\u010dne u paralelnom radu, grafi\u010dkoj obradi i za sve koji rade sa Machine Learning i Artificial Intelligence aplikacijama. Ako je potrebno da trenirate algoritme ili da upravljate paralelnim zadacima velikih razmera, GPU Cloud server omogu\u0107ava da izvu\u010dete maksimum iz va\u0161ih AI, deep learning i big data projekata.<\/p>\n<\/div>\n            <\/div>\n                                <div class=\"features-list__item\">\n                <div class=\"features-list-item__head\">\n                                                                                                <div class=\"features-list__icon--font\">\n                                <i class=\"fa-classic fa-solid fa-network-wired\" aria-hidden=\"true\"><\/i>                            <\/div>\n                                            \n                    <h3 class=\"features-list__title\">Cloud Data Centar<\/h3>\n\n                    \n                                            <div class=\"mt-4 d-flex align-center\"><\/div>\n                                                    <a class=\"btn btn-sm btn-accent me-1 mt-2\" href=\"https:\/\/www.mcloud.rs\/en\/services\/mdatacentar\/\">Learn more<\/a>\n                        \n                                            \n                <\/div>\n                <div class=\"features-list__content post-editor-content\"><p>your virtual data centre. Lease resources and design virtual servers independently, distributing as you wish any number of CPUs, RAM memory, size and type of discs, backup space, network interface speed, amount of internet traffic, and number of IP addresses. Ideal solution for demanding business users or owners of big sites.<\/p>\n<\/div>\n            <\/div>\n                                <div class=\"features-list__item\">\n                <div class=\"features-list-item__head\">\n                                                                                                <div class=\"features-list__icon--font\">\n                                <i class=\"fa-classic fa-solid fa-earth-americas\" aria-hidden=\"true\"><\/i>                            <\/div>\n                                            \n                    <h3 class=\"features-list__title\">Domains<\/h3>\n\n                    \n                                            <div class=\"mt-4 d-flex align-center\"><\/div>\n                                                    <a class=\"btn btn-sm btn-accent me-1 mt-2\" href=\"https:\/\/www.mcloud.rs\/en\/services\/domains\/\">Learn more<\/a>\n                        \n                                            \n                <\/div>\n                <div class=\"features-list__content post-editor-content\"><p>Registration and update of national and international domains, with over 100 attractive extensions (.rs, .com, .net, .org, .info, .expert, .me, .solutions, .photography, .company, .trade, .guru, .cool, and many others) with instant activation.<\/p>\n<\/div>\n            <\/div>\n                                <div class=\"features-list__item\">\n                <div class=\"features-list-item__head\">\n                                                                                                <div class=\"features-list__icon--font\">\n                                <i class=\"fa-classic fa-solid fa-lock\" aria-hidden=\"true\"><\/i>                            <\/div>\n                                            \n                    <h3 class=\"features-list__title\">SSL Certificates<\/h3>\n\n                    \n                                            <div class=\"mt-4 d-flex align-center\"><\/div>\n                                                    <a class=\"btn btn-sm btn-accent me-1 mt-2\" href=\"https:\/\/www.mcloud.rs\/en\/services\/ssl-certificates\/\">Learn more<\/a>\n                        \n                                            \n                <\/div>\n                <div class=\"features-list__content post-editor-content\"><p>Protect your site or application with the most popular SSL certificates available to our users with only few clicks. While ordering it you may enter your CSR immediately and depending on the selection of certificates the CSR can be quickly delivered to your e-mail address.<\/p>\n<\/div>\n            <\/div>\n                                <div class=\"features-list__item\">\n                <div class=\"features-list-item__head\">\n                                                                                                <div class=\"features-list__icon--font\">\n                                <i class=\"fa-classic fa-solid fa-key\" aria-hidden=\"true\"><\/i>                            <\/div>\n                                            \n                    <h3 class=\"features-list__title\">Licences<\/h3>\n\n                    \n                                            <div class=\"mt-4 d-flex align-center\"><\/div>\n                                                    <a class=\"btn btn-sm btn-accent me-1 mt-2\" href=\"https:\/\/www.mcloud.rs\/en\/services\/licences\/\">Learn more<\/a>\n                        \n                                            \n                <\/div>\n                <div class=\"features-list__content post-editor-content\"><p>If you need cPanel or Microsoft licenses you can lease them and pay on monthly basis without big initial investments that you would need if you were buying them independently.<\/p>\n<\/div>\n            <\/div>\n                                <div class=\"features-list__item\">\n                <div class=\"features-list-item__head\">\n                                                                                                <div class=\"features-list__icon--font\">\n                                <i class=\"fa-classic fa-solid fa-share-nodes\" aria-hidden=\"true\"><\/i>                            <\/div>\n                                            \n                    <h3 class=\"features-list__title\">DNS<\/h3>\n\n                    \n                                            <div class=\"mt-4 d-flex align-center\"><\/div>\n                                                    <a class=\"btn btn-sm btn-accent me-1 mt-2\" href=\"https:\/\/www.mcloud.rs\/en\/services\/dns\/\">Learn more<\/a>\n                        \n                                            \n                <\/div>\n                <div class=\"features-list__content post-editor-content\"><p>Our users can use for free Anycast DNS (on 14 locations), managing all DNS records independently, without the assistance of our staff and unnecessary administrative requirements and with no waiting for changes.<\/p>\n<\/div>\n            <\/div>\n                                <div class=\"features-list__item\">\n                <div class=\"features-list-item__head\">\n                                                                                                <div class=\"features-list__icon--font\">\n                                <i class=\"fa-classic fa-regular fa-eye\" aria-hidden=\"true\"><\/i>                            <\/div>\n                                            \n                    <h3 class=\"features-list__title\">Monitoring service<\/h3>\n\n                    \n                                            <div class=\"mt-4 d-flex align-center\"><\/div>\n                                                    <a class=\"btn btn-sm btn-accent me-1 mt-2\" href=\"https:\/\/www.mcloud.rs\/en\/services\/monitoring\/\">Learn more<\/a>\n                        \n                                            \n                <\/div>\n                <div class=\"features-list__content post-editor-content\"><p>If you wish that someone boy scout your system and let you know when there is an increased demand, <em>resources utilisation almost over<\/em>, some service or port unavailable \u2013 our system can do it for you.<\/p>\n<\/div>\n            <\/div>\n            <\/div>\n\n\n\n<p>And that\u2019s not all.<strong> Forestall completely all organisational problems<\/strong> \u2013 add or change contact info for persons who should have access to your services, give them or change appropriate privileges (for insight into financial details, service technical administration, communication with us and other), avoid administrative procedures.<\/p>\n\n\n\n<p>Choose appropriate service and take full control over your online business. You don\u2019t have to depend any more on the working hours of your hosting providers \u2013 <strong>if you prefer to work at night, on the weekends, holidays, there will be no limits whatsoever<\/strong>. If you wish to talk in person to us, call us to exchange experiences.<\/p>\n\n\n\n<p><\/p>\n","protected":false},"excerpt":{"rendered":"<p>mCloud platform is an advanced and integrated cloud hosting solution fully automated allowing the user to activate his virtual server or any other service independently and use it in just&hellip;<\/p>\n","protected":false},"author":1,"featured_media":0,"parent":0,"menu_order":0,"comment_status":"closed","ping_status":"closed","template":"","meta":{"_acf_changed":false,"footnotes":""},"class_list":["post-4883","page","type-page","status-publish","hentry"],"acf":[],"yoast_head":"<!-- This site is optimized with the Yoast SEO plugin v26.3 - https:\/\/yoast.com\/wordpress\/plugins\/seo\/ -->\n<title>Services I mCloud I Cloud Hosting Services Belgrade<\/title>\n<meta name=\"description\" content=\"The mCloud platform is an advanced, integrated, and fully automated cloud hosting solution. Learn more about our services.\" \/>\n<meta name=\"robots\" content=\"index, follow, max-snippet:-1, max-image-preview:large, max-video-preview:-1\" \/>\n<link rel=\"canonical\" href=\"https:\/\/www.mcloud.rs\/en\/services\/\" \/>\n<meta property=\"og:locale\" content=\"en_US\" \/>\n<meta property=\"og:type\" content=\"article\" \/>\n<meta property=\"og:title\" content=\"Services I mCloud I Cloud Hosting Services Belgrade\" \/>\n<meta property=\"og:description\" content=\"The mCloud platform is an advanced, integrated, and fully automated cloud hosting solution. Learn more about our services.\" \/>\n<meta property=\"og:url\" content=\"https:\/\/www.mcloud.rs\/en\/services\/\" \/>\n<meta property=\"og:site_name\" content=\"mCloud - Beograd\" \/>\n<meta property=\"article:modified_time\" content=\"2025-08-20T10:48:39+00:00\" \/>\n<meta property=\"og:image\" content=\"https:\/\/www.mcloud.rs\/wp-content\/uploads\/2024\/11\/dc.png\" \/>\n\t<meta property=\"og:image:width\" content=\"512\" \/>\n\t<meta property=\"og:image:height\" content=\"512\" \/>\n\t<meta property=\"og:image:type\" content=\"image\/png\" \/>\n<meta name=\"twitter:card\" content=\"summary_large_image\" \/>\n<meta name=\"twitter:label1\" content=\"Est. reading time\" \/>\n\t<meta name=\"twitter:data1\" content=\"4 minutes\" \/>\n<script type=\"application\/ld+json\" class=\"yoast-schema-graph\">{\"@context\":\"https:\/\/schema.org\",\"@graph\":[{\"@type\":\"WebPage\",\"@id\":\"https:\/\/www.mcloud.rs\/en\/services\/\",\"url\":\"https:\/\/www.mcloud.rs\/en\/services\/\",\"name\":\"Services I mCloud I Cloud Hosting Services Belgrade\",\"isPartOf\":{\"@id\":\"https:\/\/www.mcloud.rs\/en\/#website\"},\"primaryImageOfPage\":{\"@id\":\"https:\/\/www.mcloud.rs\/en\/services\/#primaryimage\"},\"image\":{\"@id\":\"https:\/\/www.mcloud.rs\/en\/services\/#primaryimage\"},\"thumbnailUrl\":\"https:\/\/www.mcloud.rs\/wp-content\/uploads\/2024\/11\/dc.png\",\"datePublished\":\"2024-10-18T11:17:16+00:00\",\"dateModified\":\"2025-08-20T10:48:39+00:00\",\"description\":\"The mCloud platform is an advanced, integrated, and fully automated cloud hosting solution. Learn more about our services.\",\"breadcrumb\":{\"@id\":\"https:\/\/www.mcloud.rs\/en\/services\/#breadcrumb\"},\"inLanguage\":\"en-US\",\"potentialAction\":[{\"@type\":\"ReadAction\",\"target\":[\"https:\/\/www.mcloud.rs\/en\/services\/\"]}]},{\"@type\":\"ImageObject\",\"inLanguage\":\"en-US\",\"@id\":\"https:\/\/www.mcloud.rs\/en\/services\/#primaryimage\",\"url\":\"https:\/\/www.mcloud.rs\/wp-content\/uploads\/2024\/11\/dc.png\",\"contentUrl\":\"https:\/\/www.mcloud.rs\/wp-content\/uploads\/2024\/11\/dc.png\"},{\"@type\":\"BreadcrumbList\",\"@id\":\"https:\/\/www.mcloud.rs\/en\/services\/#breadcrumb\",\"itemListElement\":[{\"@type\":\"ListItem\",\"position\":1,\"name\":\"Home\",\"item\":\"https:\/\/www.mcloud.rs\/en\/\"},{\"@type\":\"ListItem\",\"position\":2,\"name\":\"Services\"}]},{\"@type\":\"WebSite\",\"@id\":\"https:\/\/www.mcloud.rs\/en\/#website\",\"url\":\"https:\/\/www.mcloud.rs\/en\/\",\"name\":\"mCloud\",\"description\":\"Najbolji SSD Cloud hosting servis u Srbiji\",\"publisher\":{\"@id\":\"https:\/\/www.mcloud.rs\/en\/#organization\"},\"potentialAction\":[{\"@type\":\"SearchAction\",\"target\":{\"@type\":\"EntryPoint\",\"urlTemplate\":\"https:\/\/www.mcloud.rs\/en\/?s={search_term_string}\"},\"query-input\":{\"@type\":\"PropertyValueSpecification\",\"valueRequired\":true,\"valueName\":\"search_term_string\"}}],\"inLanguage\":\"en-US\"},{\"@type\":\"Organization\",\"@id\":\"https:\/\/www.mcloud.rs\/en\/#organization\",\"name\":\"mCloud\",\"url\":\"https:\/\/www.mcloud.rs\/en\/\",\"logo\":{\"@type\":\"ImageObject\",\"inLanguage\":\"en-US\",\"@id\":\"https:\/\/www.mcloud.rs\/en\/#\/schema\/logo\/image\/\",\"url\":\"https:\/\/www.mcloud.rs\/wp-content\/uploads\/2024\/12\/mcloud2.png\",\"contentUrl\":\"https:\/\/www.mcloud.rs\/wp-content\/uploads\/2024\/12\/mcloud2.png\",\"width\":470,\"height\":126,\"caption\":\"mCloud\"},\"image\":{\"@id\":\"https:\/\/www.mcloud.rs\/en\/#\/schema\/logo\/image\/\"}}]}<\/script>\n<!-- \/ Yoast SEO plugin. -->","yoast_head_json":{"title":"Services I mCloud I Cloud Hosting Services Belgrade","description":"The mCloud platform is an advanced, integrated, and fully automated cloud hosting solution. Learn more about our services.","robots":{"index":"index","follow":"follow","max-snippet":"max-snippet:-1","max-image-preview":"max-image-preview:large","max-video-preview":"max-video-preview:-1"},"canonical":"https:\/\/www.mcloud.rs\/en\/services\/","og_locale":"en_US","og_type":"article","og_title":"Services I mCloud I Cloud Hosting Services Belgrade","og_description":"The mCloud platform is an advanced, integrated, and fully automated cloud hosting solution. Learn more about our services.","og_url":"https:\/\/www.mcloud.rs\/en\/services\/","og_site_name":"mCloud - Beograd","article_modified_time":"2025-08-20T10:48:39+00:00","og_image":[{"width":512,"height":512,"url":"https:\/\/www.mcloud.rs\/wp-content\/uploads\/2024\/11\/dc.png","type":"image\/png"}],"twitter_card":"summary_large_image","twitter_misc":{"Est. reading time":"4 minutes"},"schema":{"@context":"https:\/\/schema.org","@graph":[{"@type":"WebPage","@id":"https:\/\/www.mcloud.rs\/en\/services\/","url":"https:\/\/www.mcloud.rs\/en\/services\/","name":"Services I mCloud I Cloud Hosting Services Belgrade","isPartOf":{"@id":"https:\/\/www.mcloud.rs\/en\/#website"},"primaryImageOfPage":{"@id":"https:\/\/www.mcloud.rs\/en\/services\/#primaryimage"},"image":{"@id":"https:\/\/www.mcloud.rs\/en\/services\/#primaryimage"},"thumbnailUrl":"https:\/\/www.mcloud.rs\/wp-content\/uploads\/2024\/11\/dc.png","datePublished":"2024-10-18T11:17:16+00:00","dateModified":"2025-08-20T10:48:39+00:00","description":"The mCloud platform is an advanced, integrated, and fully automated cloud hosting solution. Learn more about our services.","breadcrumb":{"@id":"https:\/\/www.mcloud.rs\/en\/services\/#breadcrumb"},"inLanguage":"en-US","potentialAction":[{"@type":"ReadAction","target":["https:\/\/www.mcloud.rs\/en\/services\/"]}]},{"@type":"ImageObject","inLanguage":"en-US","@id":"https:\/\/www.mcloud.rs\/en\/services\/#primaryimage","url":"https:\/\/www.mcloud.rs\/wp-content\/uploads\/2024\/11\/dc.png","contentUrl":"https:\/\/www.mcloud.rs\/wp-content\/uploads\/2024\/11\/dc.png"},{"@type":"BreadcrumbList","@id":"https:\/\/www.mcloud.rs\/en\/services\/#breadcrumb","itemListElement":[{"@type":"ListItem","position":1,"name":"Home","item":"https:\/\/www.mcloud.rs\/en\/"},{"@type":"ListItem","position":2,"name":"Services"}]},{"@type":"WebSite","@id":"https:\/\/www.mcloud.rs\/en\/#website","url":"https:\/\/www.mcloud.rs\/en\/","name":"mCloud","description":"Najbolji SSD Cloud hosting servis u Srbiji","publisher":{"@id":"https:\/\/www.mcloud.rs\/en\/#organization"},"potentialAction":[{"@type":"SearchAction","target":{"@type":"EntryPoint","urlTemplate":"https:\/\/www.mcloud.rs\/en\/?s={search_term_string}"},"query-input":{"@type":"PropertyValueSpecification","valueRequired":true,"valueName":"search_term_string"}}],"inLanguage":"en-US"},{"@type":"Organization","@id":"https:\/\/www.mcloud.rs\/en\/#organization","name":"mCloud","url":"https:\/\/www.mcloud.rs\/en\/","logo":{"@type":"ImageObject","inLanguage":"en-US","@id":"https:\/\/www.mcloud.rs\/en\/#\/schema\/logo\/image\/","url":"https:\/\/www.mcloud.rs\/wp-content\/uploads\/2024\/12\/mcloud2.png","contentUrl":"https:\/\/www.mcloud.rs\/wp-content\/uploads\/2024\/12\/mcloud2.png","width":470,"height":126,"caption":"mCloud"},"image":{"@id":"https:\/\/www.mcloud.rs\/en\/#\/schema\/logo\/image\/"}}]}},"_links":{"self":[{"href":"https:\/\/www.mcloud.rs\/en\/wp-json\/wp\/v2\/pages\/4883","targetHints":{"allow":["GET"]}}],"collection":[{"href":"https:\/\/www.mcloud.rs\/en\/wp-json\/wp\/v2\/pages"}],"about":[{"href":"https:\/\/www.mcloud.rs\/en\/wp-json\/wp\/v2\/types\/page"}],"author":[{"embeddable":true,"href":"https:\/\/www.mcloud.rs\/en\/wp-json\/wp\/v2\/users\/1"}],"replies":[{"embeddable":true,"href":"https:\/\/www.mcloud.rs\/en\/wp-json\/wp\/v2\/comments?post=4883"}],"version-history":[{"count":6,"href":"https:\/\/www.mcloud.rs\/en\/wp-json\/wp\/v2\/pages\/4883\/revisions"}],"predecessor-version":[{"id":7690,"href":"https:\/\/www.mcloud.rs\/en\/wp-json\/wp\/v2\/pages\/4883\/revisions\/7690"}],"wp:attachment":[{"href":"https:\/\/www.mcloud.rs\/en\/wp-json\/wp\/v2\/media?parent=4883"}],"curies":[{"name":"wp","href":"https:\/\/api.w.org\/{rel}","templated":true}]}}